{"id":317,"date":"2023-09-25T14:55:50","date_gmt":"2023-09-25T17:55:50","guid":{"rendered":"https:\/\/iotscongressbrasil.com.br\/?page_id=317"},"modified":"2025-08-25T09:13:49","modified_gmt":"2025-08-25T12:13:49","slug":"agenda","status":"publish","type":"page","link":"https:\/\/sites-iot-solutions-congress-brasil.nxjvrt.easypanel.host\/en\/agenda\/","title":{"rendered":"Schedule"},"content":{"rendered":"<div data-elementor-type=\"wp-page\" data-elementor-id=\"317\" class=\"elementor elementor-317\" data-elementor-post-type=\"page\">\n\t\t\t\t\t\t<section class=\"elementor-section elementor-top-section elementor-element elementor-element-4f9c6dcb elementor-section-height-min-height elementor-section-boxed elementor-section-height-default elementor-section-items-middle\" data-id=\"4f9c6dcb\" data-element_type=\"section\" data-e-type=\"section\" data-settings=\"{&quot;background_background&quot;:&quot;classic&quot;}\">\n\t\t\t\t\t\t\t<div class=\"elementor-background-overlay\"><\/div>\n\t\t\t\t\t\t\t<div class=\"elementor-container elementor-column-gap-default\">\n\t\t\t\t\t<div class=\"elementor-column elementor-col-100 elementor-top-column elementor-element elementor-element-46a240a8\" data-id=\"46a240a8\" data-element_type=\"column\" data-e-type=\"column\" data-settings=\"{&quot;background_background&quot;:&quot;classic&quot;}\">\n\t\t\t<div class=\"elementor-widget-wrap elementor-element-populated\">\n\t\t\t\t\t\t<div class=\"elementor-element elementor-element-6e2762f elementor-widget__width-initial elementor-widget elementor-widget-image\" data-id=\"6e2762f\" data-element_type=\"widget\" data-e-type=\"widget\" data-widget_type=\"image.default\">\n\t\t\t\t<div class=\"elementor-widget-container\">\n\t\t\t\t\t\t\t\t\t\t\t\t\t\t\t<img fetchpriority=\"high\" decoding=\"async\" width=\"800\" height=\"208\" src=\"https:\/\/sites-iot-solutions-congress-brasil.nxjvrt.easypanel.host\/wp-content\/uploads\/2025\/05\/Ativo-3.png\" class=\"attachment-large size-large wp-image-2621\" alt=\"\" srcset=\"https:\/\/sites-iot-solutions-congress-brasil.nxjvrt.easypanel.host\/wp-content\/uploads\/2025\/05\/Ativo-3.png 922w, https:\/\/sites-iot-solutions-congress-brasil.nxjvrt.easypanel.host\/wp-content\/uploads\/2025\/05\/Ativo-3-300x78.png 300w, https:\/\/sites-iot-solutions-congress-brasil.nxjvrt.easypanel.host\/wp-content\/uploads\/2025\/05\/Ativo-3-768x200.png 768w, https:\/\/sites-iot-solutions-congress-brasil.nxjvrt.easypanel.host\/wp-content\/uploads\/2025\/05\/Ativo-3-18x5.png 18w, https:\/\/sites-iot-solutions-congress-brasil.nxjvrt.easypanel.host\/wp-content\/uploads\/2025\/05\/Ativo-3-150x39.png 150w\" sizes=\"(max-width: 800px) 100vw, 800px\" \/>\t\t\t\t\t\t\t\t\t\t\t\t\t\t\t<\/div>\n\t\t\t\t<\/div>\n\t\t\t\t\t<\/div>\n\t\t<\/div>\n\t\t\t\t\t<\/div>\n\t\t<\/section>\n\t\t\t\t<section class=\"elementor-section elementor-top-section elementor-element elementor-element-6ab89455 elementor-section-height-min-height elementor-section-items-stretch elementor-section-boxed elementor-section-height-default\" data-id=\"6ab89455\" data-element_type=\"section\" data-e-type=\"section\" data-settings=\"{&quot;background_background&quot;:&quot;classic&quot;}\">\n\t\t\t\t\t\t<div class=\"elementor-container elementor-column-gap-default\">\n\t\t\t\t\t<div class=\"elementor-column elementor-col-100 elementor-top-column elementor-element elementor-element-22f667c3\" data-id=\"22f667c3\" data-element_type=\"column\" data-e-type=\"column\" data-settings=\"{&quot;background_background&quot;:&quot;classic&quot;}\">\n\t\t\t<div class=\"elementor-widget-wrap elementor-element-populated\">\n\t\t\t\t\t\t<div class=\"elementor-element elementor-element-1413ba0 elementor-widget elementor-widget-heading\" data-id=\"1413ba0\" data-element_type=\"widget\" data-e-type=\"widget\" data-widget_type=\"heading.default\">\n\t\t\t\t<div class=\"elementor-widget-container\">\n\t\t\t\t\t<h2 class=\"elementor-heading-title elementor-size-default\"><span>__________  <\/span>Too much to do in two days __________<\/h2>\t\t\t\t<\/div>\n\t\t\t\t<\/div>\n\t\t\t\t<div class=\"elementor-element elementor-element-c418d35 elementor-widget elementor-widget-heading\" data-id=\"c418d35\" data-element_type=\"widget\" data-e-type=\"widget\" data-widget_type=\"heading.default\">\n\t\t\t\t<div class=\"elementor-widget-container\">\n\t\t\t\t\t<h1 class=\"elementor-heading-title elementor-size-default\">see our schedule<\/h1>\t\t\t\t<\/div>\n\t\t\t\t<\/div>\n\t\t\t\t\t<\/div>\n\t\t<\/div>\n\t\t\t\t\t<\/div>\n\t\t<\/section>\n\t\t<div class=\"elementor-element elementor-element-a44014f e-flex e-con-boxed e-con e-parent\" data-id=\"a44014f\" data-element_type=\"container\" data-e-type=\"container\" data-settings=\"{&quot;background_background&quot;:&quot;classic&quot;}\">\n\t\t\t\t\t<div class=\"e-con-inner\">\n\t\t\t\t<div class=\"elementor-element elementor-element-e355ba9 elementor-widget elementor-widget-html\" data-id=\"e355ba9\" data-element_type=\"widget\" data-e-type=\"widget\" data-widget_type=\"html.default\">\n\t\t\t\t<div class=\"elementor-widget-container\">\n\t\t\t\t\t<iframe \n    src=\"https:\/\/agenda-eventos-icities.rj.r.appspot.com\/agenda\/iot-solutions-congress-brasil-2025\"\n    style=\"border: 1px solid #ccc; width: 100%; height: 3400px;\"\n    title=\"Event Agenda\"\n    allowfullscreen\n><\/iframe>\t\t\t\t<\/div>\n\t\t\t\t<\/div>\n\t\t\t\t\t<\/div>\n\t\t\t\t<\/div>\n\t\t\t\t<section class=\"elementor-section elementor-top-section elementor-element elementor-element-2fe2c8d2 elementor-section-height-min-height elementor-section-boxed elementor-section-height-default elementor-section-items-middle\" data-id=\"2fe2c8d2\" data-element_type=\"section\" data-e-type=\"section\" data-settings=\"{&quot;background_background&quot;:&quot;classic&quot;,&quot;background_motion_fx_motion_fx_scrolling&quot;:&quot;yes&quot;,&quot;background_motion_fx_translateY_effect&quot;:&quot;yes&quot;,&quot;background_motion_fx_translateY_speed&quot;:{&quot;unit&quot;:&quot;px&quot;,&quot;size&quot;:&quot;3&quot;,&quot;sizes&quot;:[]},&quot;background_motion_fx_translateY_affectedRange&quot;:{&quot;unit&quot;:&quot;%&quot;,&quot;size&quot;:&quot;&quot;,&quot;sizes&quot;:{&quot;start&quot;:0,&quot;end&quot;:100}},&quot;background_motion_fx_devices&quot;:[&quot;desktop&quot;,&quot;tablet&quot;,&quot;mobile&quot;]}\">\n\t\t\t\t\t\t\t<div class=\"elementor-background-overlay\"><\/div>\n\t\t\t\t\t\t\t<div class=\"elementor-container elementor-column-gap-default\">\n\t\t\t\t\t<div class=\"elementor-column elementor-col-50 elementor-top-column elementor-element elementor-element-6c2375cd\" data-id=\"6c2375cd\" data-element_type=\"column\" data-e-type=\"column\">\n\t\t\t<div class=\"elementor-widget-wrap elementor-element-populated\">\n\t\t\t\t\t\t<div class=\"elementor-element elementor-element-7d312562 elementor-widget elementor-widget-heading\" data-id=\"7d312562\" data-element_type=\"widget\" data-e-type=\"widget\" data-widget_type=\"heading.default\">\n\t\t\t\t<div class=\"elementor-widget-container\">\n\t\t\t\t\t<h3 class=\"elementor-heading-title elementor-size-default\">_____Don&#039;t leave it until the last minute_____<\/h3>\t\t\t\t<\/div>\n\t\t\t\t<\/div>\n\t\t\t\t<div class=\"elementor-element elementor-element-fb4f9b2 elementor-headline--style-rotate elementor-widget elementor-widget-animated-headline\" data-id=\"fb4f9b2\" data-element_type=\"widget\" data-e-type=\"widget\" data-settings=\"{&quot;headline_style&quot;:&quot;rotate&quot;,&quot;animation_type&quot;:&quot;slide&quot;,&quot;rotating_text&quot;:&quot;.\\n..\\n...\\n&quot;,&quot;loop&quot;:&quot;yes&quot;,&quot;rotate_iteration_delay&quot;:2500}\" data-widget_type=\"animated-headline.default\">\n\t\t\t\t<div class=\"elementor-widget-container\">\n\t\t\t\t\t\t\t<h2 class=\"elementor-headline elementor-headline-animation-type-slide\">\n\t\t\t\t\t<span class=\"elementor-headline-plain-text elementor-headline-text-wrapper\">the event starts in<\/span>\n\t\t\t\t<span class=\"elementor-headline-dynamic-wrapper elementor-headline-text-wrapper\">\n\t\t\t\t\t<span class=\"elementor-headline-dynamic-text elementor-headline-text-active\">\n\t\t\t\t.\t\t\t<\/span>\n\t\t\t\t\t<span class=\"elementor-headline-dynamic-text\">\n\t\t\t\t..\t\t\t<\/span>\n\t\t\t\t\t<span class=\"elementor-headline-dynamic-text\">\n\t\t\t\t...\t\t\t<\/span>\n\t\t\t\t\t<span class=\"elementor-headline-dynamic-text\">\n\t\t\t\t\t\t\t<\/span>\n\t\t\t\t\t\t<\/span>\n\t\t\t\t<\/h2>\n\t\t\t\t\t\t<\/div>\n\t\t\t\t<\/div>\n\t\t\t\t\t<\/div>\n\t\t<\/div>\n\t\t\t\t<div class=\"elementor-column elementor-col-50 elementor-top-column elementor-element elementor-element-4acbee8d\" data-id=\"4acbee8d\" data-element_type=\"column\" data-e-type=\"column\">\n\t\t\t<div class=\"elementor-widget-wrap elementor-element-populated\">\n\t\t\t\t\t\t<div class=\"elementor-element elementor-element-38f7d23c elementor-countdown--label-block elementor-widget elementor-widget-countdown\" data-id=\"38f7d23c\" data-element_type=\"widget\" data-e-type=\"widget\" data-widget_type=\"countdown.default\">\n\t\t\t\t<div class=\"elementor-widget-container\">\n\t\t\t\t\t\t\t<div class=\"elementor-countdown-wrapper\" data-date=\"1756904400\">\n\t\t\t<div class=\"elementor-countdown-item\"><span class=\"elementor-countdown-digits elementor-countdown-days\"><\/span> <span class=\"elementor-countdown-label\">Days<\/span><\/div><div class=\"elementor-countdown-item\"><span class=\"elementor-countdown-digits elementor-countdown-hours\"><\/span> <span class=\"elementor-countdown-label\">Hours<\/span><\/div><div class=\"elementor-countdown-item\"><span class=\"elementor-countdown-digits elementor-countdown-minutes\"><\/span> <span class=\"elementor-countdown-label\">Minutes<\/span><\/div>\t\t<\/div>\n\t\t\t\t\t\t<\/div>\n\t\t\t\t<\/div>\n\t\t\t\t\t<\/div>\n\t\t<\/div>\n\t\t\t\t\t<\/div>\n\t\t<\/section>\n\t\t\t\t<\/div>","protected":false},"excerpt":{"rendered":"<p>__________ Lots to do in two days __________ see our schedule _____Don&#039;t leave it to the last minute_____ the event starts in . .. \u2026 Days Hours Minutes<\/p>","protected":false},"author":1,"featured_media":3287,"parent":0,"menu_order":0,"comment_status":"closed","ping_status":"closed","template":"elementor_header_footer","meta":{"footnotes":""},"class_list":["post-317","page","type-page","status-publish","has-post-thumbnail","hentry"],"yoast_head":"<!-- This site is optimized with the Yoast SEO plugin v22.4 - https:\/\/yoast.com\/wordpress\/plugins\/seo\/ -->\n<title>Agenda - IOT Solutions Congress Brasil<\/title>\n<meta name=\"robots\" content=\"index, follow, max-snippet:-1, max-image-preview:large, max-video-preview:-1\" \/>\n<link rel=\"canonical\" href=\"https:\/\/sites-iot-solutions-congress-brasil.nxjvrt.easypanel.host\/en\/agenda\/\" \/>\n<meta property=\"og:locale\" content=\"en_US\" \/>\n<meta property=\"og:type\" content=\"article\" \/>\n<meta property=\"og:title\" content=\"Agenda - IOT Solutions Congress Brasil\" \/>\n<meta property=\"og:description\" content=\"__________ Muita coisa para fazer em dois dias __________ veja nossa programa\u00e7\u00e3o _____N\u00e3o Deixe para a \u00faltima hora_____ o evento come\u00e7a em . .. &#8230; Dias Horas Minutos\" \/>\n<meta property=\"og:url\" content=\"https:\/\/sites-iot-solutions-congress-brasil.nxjvrt.easypanel.host\/en\/agenda\/\" \/>\n<meta property=\"og:site_name\" content=\"IOT Solutions Congress Brasil\" \/>\n<meta property=\"article:publisher\" content=\"https:\/\/web.facebook.com\/people\/IOT-Solutions-Congress-Brasil\/61556026721148\/\" \/>\n<meta property=\"article:modified_time\" content=\"2025-08-25T12:13:49+00:00\" \/>\n<meta property=\"og:image\" content=\"https:\/\/sites-iot-solutions-congress-brasil.nxjvrt.easypanel.host\/wp-content\/uploads\/2025\/06\/1600x900-ES.png\" \/>\n\t<meta property=\"og:image:width\" content=\"1600\" \/>\n\t<meta property=\"og:image:height\" content=\"900\" \/>\n\t<meta property=\"og:image:type\" content=\"image\/png\" \/>\n<meta name=\"twitter:card\" content=\"summary_large_image\" \/>\n<meta name=\"twitter:label1\" content=\"Est. reading time\" \/>\n\t<meta name=\"twitter:data1\" content=\"1 minute\" \/>\n<script type=\"application\/ld+json\" class=\"yoast-schema-graph\">{\"@context\":\"https:\/\/schema.org\",\"@graph\":[{\"@type\":\"WebPage\",\"@id\":\"https:\/\/sites-iot-solutions-congress-brasil.nxjvrt.easypanel.host\/agenda\/\",\"url\":\"https:\/\/sites-iot-solutions-congress-brasil.nxjvrt.easypanel.host\/agenda\/\",\"name\":\"Agenda - IOT Solutions Congress Brasil\",\"isPartOf\":{\"@id\":\"https:\/\/sites-iot-solutions-congress-brasil.nxjvrt.easypanel.host\/#website\"},\"primaryImageOfPage\":{\"@id\":\"https:\/\/sites-iot-solutions-congress-brasil.nxjvrt.easypanel.host\/agenda\/#primaryimage\"},\"image\":{\"@id\":\"https:\/\/sites-iot-solutions-congress-brasil.nxjvrt.easypanel.host\/agenda\/#primaryimage\"},\"thumbnailUrl\":\"https:\/\/sites-iot-solutions-congress-brasil.nxjvrt.easypanel.host\/wp-content\/uploads\/2025\/06\/1600x900-ES.png\",\"datePublished\":\"2023-09-25T17:55:50+00:00\",\"dateModified\":\"2025-08-25T12:13:49+00:00\",\"breadcrumb\":{\"@id\":\"https:\/\/sites-iot-solutions-congress-brasil.nxjvrt.easypanel.host\/agenda\/#breadcrumb\"},\"inLanguage\":\"en-US\",\"potentialAction\":[{\"@type\":\"ReadAction\",\"target\":[\"https:\/\/sites-iot-solutions-congress-brasil.nxjvrt.easypanel.host\/agenda\/\"]}]},{\"@type\":\"ImageObject\",\"inLanguage\":\"en-US\",\"@id\":\"https:\/\/sites-iot-solutions-congress-brasil.nxjvrt.easypanel.host\/agenda\/#primaryimage\",\"url\":\"https:\/\/sites-iot-solutions-congress-brasil.nxjvrt.easypanel.host\/wp-content\/uploads\/2025\/06\/1600x900-ES.png\",\"contentUrl\":\"https:\/\/sites-iot-solutions-congress-brasil.nxjvrt.easypanel.host\/wp-content\/uploads\/2025\/06\/1600x900-ES.png\",\"width\":1600,\"height\":900},{\"@type\":\"BreadcrumbList\",\"@id\":\"https:\/\/sites-iot-solutions-congress-brasil.nxjvrt.easypanel.host\/agenda\/#breadcrumb\",\"itemListElement\":[{\"@type\":\"ListItem\",\"position\":1,\"name\":\"In\u00edcio\",\"item\":\"https:\/\/sites-iot-solutions-congress-brasil.nxjvrt.easypanel.host\/\"},{\"@type\":\"ListItem\",\"position\":2,\"name\":\"Agenda\"}]},{\"@type\":\"WebSite\",\"@id\":\"https:\/\/sites-iot-solutions-congress-brasil.nxjvrt.easypanel.host\/#website\",\"url\":\"https:\/\/sites-iot-solutions-congress-brasil.nxjvrt.easypanel.host\/\",\"name\":\"IOT Solutions Congress Brasil\",\"description\":\"Tap the Unlimited Possibilites of Innovation\",\"publisher\":{\"@id\":\"https:\/\/sites-iot-solutions-congress-brasil.nxjvrt.easypanel.host\/#organization\"},\"potentialAction\":[{\"@type\":\"SearchAction\",\"target\":{\"@type\":\"EntryPoint\",\"urlTemplate\":\"https:\/\/sites-iot-solutions-congress-brasil.nxjvrt.easypanel.host\/?s={search_term_string}\"},\"query-input\":\"required name=search_term_string\"}],\"inLanguage\":\"en-US\"},{\"@type\":\"Organization\",\"@id\":\"https:\/\/sites-iot-solutions-congress-brasil.nxjvrt.easypanel.host\/#organization\",\"name\":\"IOT Solutions Congress Brasil\",\"url\":\"https:\/\/sites-iot-solutions-congress-brasil.nxjvrt.easypanel.host\/\",\"logo\":{\"@type\":\"ImageObject\",\"inLanguage\":\"en-US\",\"@id\":\"https:\/\/sites-iot-solutions-congress-brasil.nxjvrt.easypanel.host\/#\/schema\/logo\/image\/\",\"url\":\"https:\/\/sites-iot-solutions-congress-brasil.nxjvrt.easypanel.host\/wp-content\/uploads\/2023\/09\/IOTSC_Brasil-Color-1.png\",\"contentUrl\":\"https:\/\/sites-iot-solutions-congress-brasil.nxjvrt.easypanel.host\/wp-content\/uploads\/2023\/09\/IOTSC_Brasil-Color-1.png\",\"width\":2000,\"height\":650,\"caption\":\"IOT Solutions Congress Brasil\"},\"image\":{\"@id\":\"https:\/\/sites-iot-solutions-congress-brasil.nxjvrt.easypanel.host\/#\/schema\/logo\/image\/\"},\"sameAs\":[\"https:\/\/web.facebook.com\/people\/IOT-Solutions-Congress-Brasil\/61556026721148\/\",\"https:\/\/www.instagram.com\/iotscongressbrasil\/\"]}]}<\/script>\n<!-- \/ Yoast SEO plugin. -->","yoast_head_json":{"title":"Agenda - IOT Solutions Congress Brasil","robots":{"index":"index","follow":"follow","max-snippet":"max-snippet:-1","max-image-preview":"max-image-preview:large","max-video-preview":"max-video-preview:-1"},"canonical":"https:\/\/sites-iot-solutions-congress-brasil.nxjvrt.easypanel.host\/en\/agenda\/","og_locale":"en_US","og_type":"article","og_title":"Agenda - IOT Solutions Congress Brasil","og_description":"__________ Muita coisa para fazer em dois dias __________ veja nossa programa\u00e7\u00e3o _____N\u00e3o Deixe para a \u00faltima hora_____ o evento come\u00e7a em . .. &#8230; Dias Horas Minutos","og_url":"https:\/\/sites-iot-solutions-congress-brasil.nxjvrt.easypanel.host\/en\/agenda\/","og_site_name":"IOT Solutions Congress Brasil","article_publisher":"https:\/\/web.facebook.com\/people\/IOT-Solutions-Congress-Brasil\/61556026721148\/","article_modified_time":"2025-08-25T12:13:49+00:00","og_image":[{"width":1600,"height":900,"url":"https:\/\/sites-iot-solutions-congress-brasil.nxjvrt.easypanel.host\/wp-content\/uploads\/2025\/06\/1600x900-ES.png","type":"image\/png"}],"twitter_card":"summary_large_image","twitter_misc":{"Est. reading time":"1 minute"},"schema":{"@context":"https:\/\/schema.org","@graph":[{"@type":"WebPage","@id":"https:\/\/sites-iot-solutions-congress-brasil.nxjvrt.easypanel.host\/agenda\/","url":"https:\/\/sites-iot-solutions-congress-brasil.nxjvrt.easypanel.host\/agenda\/","name":"Agenda - IOT Solutions Congress Brasil","isPartOf":{"@id":"https:\/\/sites-iot-solutions-congress-brasil.nxjvrt.easypanel.host\/#website"},"primaryImageOfPage":{"@id":"https:\/\/sites-iot-solutions-congress-brasil.nxjvrt.easypanel.host\/agenda\/#primaryimage"},"image":{"@id":"https:\/\/sites-iot-solutions-congress-brasil.nxjvrt.easypanel.host\/agenda\/#primaryimage"},"thumbnailUrl":"https:\/\/sites-iot-solutions-congress-brasil.nxjvrt.easypanel.host\/wp-content\/uploads\/2025\/06\/1600x900-ES.png","datePublished":"2023-09-25T17:55:50+00:00","dateModified":"2025-08-25T12:13:49+00:00","breadcrumb":{"@id":"https:\/\/sites-iot-solutions-congress-brasil.nxjvrt.easypanel.host\/agenda\/#breadcrumb"},"inLanguage":"en-US","potentialAction":[{"@type":"ReadAction","target":["https:\/\/sites-iot-solutions-congress-brasil.nxjvrt.easypanel.host\/agenda\/"]}]},{"@type":"ImageObject","inLanguage":"en-US","@id":"https:\/\/sites-iot-solutions-congress-brasil.nxjvrt.easypanel.host\/agenda\/#primaryimage","url":"https:\/\/sites-iot-solutions-congress-brasil.nxjvrt.easypanel.host\/wp-content\/uploads\/2025\/06\/1600x900-ES.png","contentUrl":"https:\/\/sites-iot-solutions-congress-brasil.nxjvrt.easypanel.host\/wp-content\/uploads\/2025\/06\/1600x900-ES.png","width":1600,"height":900},{"@type":"BreadcrumbList","@id":"https:\/\/sites-iot-solutions-congress-brasil.nxjvrt.easypanel.host\/agenda\/#breadcrumb","itemListElement":[{"@type":"ListItem","position":1,"name":"In\u00edcio","item":"https:\/\/sites-iot-solutions-congress-brasil.nxjvrt.easypanel.host\/"},{"@type":"ListItem","position":2,"name":"Agenda"}]},{"@type":"WebSite","@id":"https:\/\/sites-iot-solutions-congress-brasil.nxjvrt.easypanel.host\/#website","url":"https:\/\/sites-iot-solutions-congress-brasil.nxjvrt.easypanel.host\/","name":"IOT Solutions Congress Brasil","description":"Tap the Unlimited Possibilites of Innovation","publisher":{"@id":"https:\/\/sites-iot-solutions-congress-brasil.nxjvrt.easypanel.host\/#organization"},"potentialAction":[{"@type":"SearchAction","target":{"@type":"EntryPoint","urlTemplate":"https:\/\/sites-iot-solutions-congress-brasil.nxjvrt.easypanel.host\/?s={search_term_string}"},"query-input":"required name=search_term_string"}],"inLanguage":"en-US"},{"@type":"Organization","@id":"https:\/\/sites-iot-solutions-congress-brasil.nxjvrt.easypanel.host\/#organization","name":"IOT Solutions Congress Brasil","url":"https:\/\/sites-iot-solutions-congress-brasil.nxjvrt.easypanel.host\/","logo":{"@type":"ImageObject","inLanguage":"en-US","@id":"https:\/\/sites-iot-solutions-congress-brasil.nxjvrt.easypanel.host\/#\/schema\/logo\/image\/","url":"https:\/\/sites-iot-solutions-congress-brasil.nxjvrt.easypanel.host\/wp-content\/uploads\/2023\/09\/IOTSC_Brasil-Color-1.png","contentUrl":"https:\/\/sites-iot-solutions-congress-brasil.nxjvrt.easypanel.host\/wp-content\/uploads\/2023\/09\/IOTSC_Brasil-Color-1.png","width":2000,"height":650,"caption":"IOT Solutions Congress Brasil"},"image":{"@id":"https:\/\/sites-iot-solutions-congress-brasil.nxjvrt.easypanel.host\/#\/schema\/logo\/image\/"},"sameAs":["https:\/\/web.facebook.com\/people\/IOT-Solutions-Congress-Brasil\/61556026721148\/","https:\/\/www.instagram.com\/iotscongressbrasil\/"]}]}},"_links":{"self":[{"href":"https:\/\/sites-iot-solutions-congress-brasil.nxjvrt.easypanel.host\/en\/wp-json\/wp\/v2\/pages\/317","targetHints":{"allow":["GET"]}}],"collection":[{"href":"https:\/\/sites-iot-solutions-congress-brasil.nxjvrt.easypanel.host\/en\/wp-json\/wp\/v2\/pages"}],"about":[{"href":"https:\/\/sites-iot-solutions-congress-brasil.nxjvrt.easypanel.host\/en\/wp-json\/wp\/v2\/types\/page"}],"author":[{"embeddable":true,"href":"https:\/\/sites-iot-solutions-congress-brasil.nxjvrt.easypanel.host\/en\/wp-json\/wp\/v2\/users\/1"}],"replies":[{"embeddable":true,"href":"https:\/\/sites-iot-solutions-congress-brasil.nxjvrt.easypanel.host\/en\/wp-json\/wp\/v2\/comments?post=317"}],"version-history":[{"count":0,"href":"https:\/\/sites-iot-solutions-congress-brasil.nxjvrt.easypanel.host\/en\/wp-json\/wp\/v2\/pages\/317\/revisions"}],"wp:featuredmedia":[{"embeddable":true,"href":"https:\/\/sites-iot-solutions-congress-brasil.nxjvrt.easypanel.host\/en\/wp-json\/wp\/v2\/media\/3287"}],"wp:attachment":[{"href":"https:\/\/sites-iot-solutions-congress-brasil.nxjvrt.easypanel.host\/en\/wp-json\/wp\/v2\/media?parent=317"}],"curies":[{"name":"wp","href":"https:\/\/api.w.org\/{rel}","templated":true}]}}